{"id":482,"date":"2024-11-03T18:33:28","date_gmt":"2024-11-03T18:33:28","guid":{"rendered":"https:\/\/shop.tdspam.com\/?post_type=product&#038;p=482"},"modified":"2024-11-11T08:43:11","modified_gmt":"2024-11-11T08:43:11","slug":"netflix-4k-subscription","status":"publish","type":"product","link":"https:\/\/shop.tdspam.com\/pt\/product\/netflix-4k-subscription\/","title":{"rendered":"Netflix Abonnement 4K"},"content":{"rendered":"<p><b>Acc\u00e9dez au Meilleur de Netflix \u00e0 Prix R\u00e9duit<\/b><b><\/b><\/p>\n<p>Profitez d\u2019un acc\u00e8s complet \u00e0 Netflix et d\u00e9couvrez un vaste choix de films, s\u00e9ries, documentaires et exclusivit\u00e9s que tout le monde adore, sans payer le prix fort. Que vous soyez passionn\u00e9 de <b>films Netflix<\/b> ou accro aux <b>s\u00e9ries Netflix<\/b>, notre offre vous permet de profiter de tout le contenu que vous aimez, sur tous vos appareils.<\/p>\n<p><b>Caract\u00e9ristiques de l\u2019abonnement Netflix :<\/b><b><\/b><\/p>\n<p>\u2022<b>Films populaires<\/b> : D\u00e9couvrez des blockbusters, des <b>films romantiques<\/b>, et les <b>meilleurs films Netflix<\/b>.<\/p>\n<p>\u2022<b>S\u00e9ries captivantes<\/b> : Des s\u00e9ries \u00e0 succ\u00e8s et des nouveaut\u00e9s incontournables, comme <i>La Diplomate<\/i>, et bien plus.<\/p>\n<p>\u2022<b>Exclusivit\u00e9s Netflix<\/b> : Plongez dans des s\u00e9ries et des <b>films Netflix 2024<\/b> uniquement disponibles sur la plateforme.<\/p>\n<p>\u2022<b>Options de t\u00e9l\u00e9chargement<\/b> : T\u00e9l\u00e9chargez facilement vos films et s\u00e9ries pour les regarder hors ligne. Parfait pour une exp\u00e9rience Netflix en d\u00e9placement.<\/p>\n<p>\u2022<b>Acc\u00e8s illimit\u00e9<\/b> : Acc\u00e9dez \u00e0 tout le catalogue Netflix sans limite.<\/p>\n<p><b>Types d\u2019abonnements disponibles :<\/b><b><\/b><\/p>\n<p>\u2022<b>Compte partag\u00e9<\/b> : Profitez d\u2019un abonnement partag\u00e9 pour un acc\u00e8s abordable.<\/p>\n<p>\u2022<b>Compte exclusif<\/b> : Obtenez un acc\u00e8s priv\u00e9 pour une exp\u00e9rience totalement personnelle.<\/p>\n<p>Id\u00e9al pour les passionn\u00e9s de <b>Netflix movies<\/b>, <b>Netflix pour PC<\/b>, et m\u00eame les amateurs de <b>Netflix apk<\/b> et de streaming sur <b>French Stream apk<\/b> ! Plus besoin de chercher un <b>code Netflix<\/b> ou un <b>Netflix gratuit<\/b>, notre offre vous offre une exp\u00e9rience compl\u00e8te et s\u00e9curis\u00e9e.<\/p>\n<p><b>Commandez votre abonnement Netflix d\u00e8s maintenant et d\u00e9couvrez pourquoi Netflix reste le leader du streaming en ligne.<\/b><\/p>","protected":false},"excerpt":{"rendered":"<p>Id\u00e9al pour les passionn\u00e9s de <b>Netflix movies<\/b>, <b>Netflix pour PC<\/b>, et m\u00eame les amateurs de <b>Netflix apk<\/b> et de streaming sur <b>French Stream apk<\/b> ! Plus besoin de chercher un <b>code Netflix<\/b> ou un <b>Netflix gratuit<\/b>, notre offre vous offre une exp\u00e9rience compl\u00e8te et s\u00e9curis\u00e9e.<\/p>","protected":false},"featured_media":492,"comment_status":"open","ping_status":"closed","template":"","meta":{"_acf_changed":false,"googlesitekit_rrm_CAows_C-DA:productID":""},"product_brand":[],"product_cat":[31,32],"product_tag":[36,34,33,35],"class_list":{"0":"post-482","1":"product","2":"type-product","3":"status-publish","4":"has-post-thumbnail","6":"product_cat-entertaintment","7":"product_cat-streaming-platform","8":"product_tag-entertaintment","9":"product_tag-giftcard","10":"product_tag-netflix","11":"product_tag-streaming","13":"first","14":"instock","15":"sale","16":"sold-individually","17":"shipping-taxable","18":"purchasable","19":"product-type-variable"},"acf":[],"aioseo_notices":[],"_links":{"self":[{"href":"https:\/\/shop.tdspam.com\/pt\/wp-json\/wp\/v2\/product\/482","targetHints":{"allow":["GET"]}}],"collection":[{"href":"https:\/\/shop.tdspam.com\/pt\/wp-json\/wp\/v2\/product"}],"about":[{"href":"https:\/\/shop.tdspam.com\/pt\/wp-json\/wp\/v2\/types\/product"}],"replies":[{"embeddable":true,"href":"https:\/\/shop.tdspam.com\/pt\/wp-json\/wp\/v2\/comments?post=482"}],"wp:featuredmedia":[{"embeddable":true,"href":"https:\/\/shop.tdspam.com\/pt\/wp-json\/wp\/v2\/media\/492"}],"wp:attachment":[{"href":"https:\/\/shop.tdspam.com\/pt\/wp-json\/wp\/v2\/media?parent=482"}],"wp:term":[{"taxonomy":"product_brand","embeddable":true,"href":"https:\/\/shop.tdspam.com\/pt\/wp-json\/wp\/v2\/product_brand?post=482"},{"taxonomy":"product_cat","embeddable":true,"href":"https:\/\/shop.tdspam.com\/pt\/wp-json\/wp\/v2\/product_cat?post=482"},{"taxonomy":"product_tag","embeddable":true,"href":"https:\/\/shop.tdspam.com\/pt\/wp-json\/wp\/v2\/product_tag?post=482"}],"curies":[{"name":"wp","href":"https:\/\/api.w.org\/{rel}","templated":true}]}}