{"id":772,"date":"2024-11-07T07:50:59","date_gmt":"2024-11-07T07:50:59","guid":{"rendered":"https:\/\/shop.tdspam.com\/?post_type=product&#038;p=772"},"modified":"2024-12-27T17:04:03","modified_gmt":"2024-12-27T17:04:03","slug":"express-vpn-pc-mac-1-device-1-month-expressvpn-key-global","status":"publish","type":"product","link":"https:\/\/shop.tdspam.com\/pt\/product\/express-vpn-pc-mac-1-device-1-month-expressvpn-key-global\/","title":{"rendered":"Express VPN (PC, Mac) 1 Device, 1 Month &#8211; ExpressVPN Key &#8211; GLOBAL"},"content":{"rendered":"<p><b>Eksperyansye yon nouvo nivo sekirite ak vi prive sou ent\u00e8n\u00e8t av\u00e8k Express VPN \u2013 achte kle ou jodi a pou jwi yon abonnman 1 mwa pou yon s\u00e8l apar\u00e8y nan k\u00e8k segond!<\/b><b><\/b><\/p>\n<p><b>Kle Express VPN<\/b><b><\/b><\/p>\n<p>Express VPN se yon s\u00e8vis rezo prive vity\u00e8l (VPN). K\u00f2m youn nan s\u00e8vis ki pi popil\u00e8 ak konfyab nan kalite sa a, Express VPN ofri yon pak\u00e8 sekirite avanse ki paf\u00e8 pou nenp\u00f2t moun ki vle pwoteksyon done ak vi prive d\u00e8nye kri. Express VPN disponib pou plizy\u00e8 apar\u00e8y \u2013 ou ka itilize l sou \u00f2dinat\u00e8 p\u00e8son\u00e8l, routeur, telef\u00f2n entelijan, elatriye.<\/p>\n<p>Kle sa a p\u00e8m\u00e8t itilizat\u00e8 a aktive yon lisans 1 mwa pou Express VPN sou yon PC oswa Mac. Ou pral resevwa kle aktivasyon ou an l\u00e8 ou fini acha a.<\/p>\n<p><b>Karakteristik Express VPN<\/b><b><\/b><\/p>\n<p>K\u00f2m youn nan pi bon aplikasyon VPN ak sekirite\/vi prive yo, Express VPN ofri anpil karakteristik eksepsyon\u00e8l, tankou:<\/p>\n<p>\u2022yon aplikasyon VPN fasil pou itilize ak sekirize pou tout apar\u00e8y pi renmen ou yo,<\/p>\n<p>\u2022160 kote s\u00e8v\u00e8 nan 105 peyi,<\/p>\n<p>\u2022koneksyon pi sekirize ak pi rapid gras a DNS prive ak chiffres,<\/p>\n<p>\u2022teknoloji avanse tankou TrustedServer, Network Lock, pwotok\u00f2l Lightway VPN, chifreman AES-256, ak plis ank\u00f2,<\/p>\n<p>\u2022VPN split tunnelling,<\/p>\n<p>\u2022aks\u00e8 fasil a tout sit ent\u00e8n\u00e8t ki bloke oswa sansire san limit \u2013 telechaje, tande, ak gade tout sa ou vle,<\/p>\n<p>\u2022sip\u00f2 chat viv 24 sou 24,<\/p>\n<p>\u2022pwoteksyon vi prive offshore gras a katye jeneral konpayi an ki baze nan Zile Vy\u00e8j Britanik, kote pa gen lwa sou retansyon done.<\/p>\n<p><b>Kle yo bay avantaj sa yo<\/b>:<\/p>\n<p>\u2022Jwi yon abonnman 1 mwa ak Express VPN pou yon pri konpetitif!<\/p>\n<p>\u2022Achte kle ou sou ent\u00e8n\u00e8t epi aktive lisans ou imedyatman!<\/p>\n<p>\u2022Kado yon kle pou t\u00e8t ou, zanmi w oswa fanmi w!<\/p>\n<p>\u2022Jwi teknoloji d\u00e8nye kri pou yon eksperyans ent\u00e8n\u00e8t san danje, an sekirite, ak prive kote ou vle!<\/p>","protected":false},"excerpt":{"rendered":"<p>Kle sa a p\u00e8m\u00e8t itilizat\u00e8 a aktive yon lisans 1 mwa pou Express VPN sou yon PC oswa Mac. Ou pral resevwa kle aktivasyon ou an l\u00e8 ou fini acha a.<\/p>","protected":false},"featured_media":773,"comment_status":"open","ping_status":"closed","template":"","meta":{"_acf_changed":false,"googlesitekit_rrm_CAows_C-DA:productID":""},"product_brand":[],"product_cat":[55],"product_tag":[],"class_list":{"0":"post-772","1":"product","2":"type-product","3":"status-publish","4":"has-post-thumbnail","6":"product_cat-vpn-security","8":"first","9":"instock","10":"sale","11":"downloadable","12":"virtual","13":"purchasable","14":"product-type-simple"},"acf":[],"aioseo_notices":[],"_links":{"self":[{"href":"https:\/\/shop.tdspam.com\/pt\/wp-json\/wp\/v2\/product\/772","targetHints":{"allow":["GET"]}}],"collection":[{"href":"https:\/\/shop.tdspam.com\/pt\/wp-json\/wp\/v2\/product"}],"about":[{"href":"https:\/\/shop.tdspam.com\/pt\/wp-json\/wp\/v2\/types\/product"}],"replies":[{"embeddable":true,"href":"https:\/\/shop.tdspam.com\/pt\/wp-json\/wp\/v2\/comments?post=772"}],"wp:featuredmedia":[{"embeddable":true,"href":"https:\/\/shop.tdspam.com\/pt\/wp-json\/wp\/v2\/media\/773"}],"wp:attachment":[{"href":"https:\/\/shop.tdspam.com\/pt\/wp-json\/wp\/v2\/media?parent=772"}],"wp:term":[{"taxonomy":"product_brand","embeddable":true,"href":"https:\/\/shop.tdspam.com\/pt\/wp-json\/wp\/v2\/product_brand?post=772"},{"taxonomy":"product_cat","embeddable":true,"href":"https:\/\/shop.tdspam.com\/pt\/wp-json\/wp\/v2\/product_cat?post=772"},{"taxonomy":"product_tag","embeddable":true,"href":"https:\/\/shop.tdspam.com\/pt\/wp-json\/wp\/v2\/product_tag?post=772"}],"curies":[{"name":"wp","href":"https:\/\/api.w.org\/{rel}","templated":true}]}}