{"id":864,"date":"2024-11-09T20:09:48","date_gmt":"2024-11-09T20:09:48","guid":{"rendered":"https:\/\/shop.tdspam.com\/?post_type=product&#038;p=864"},"modified":"2024-11-09T20:09:58","modified_gmt":"2024-11-09T20:09:58","slug":"paramount-plus","status":"publish","type":"product","link":"https:\/\/shop.tdspam.com\/pt\/product\/paramount-plus\/","title":{"rendered":"Paramount Plus"},"content":{"rendered":"<p>D\u00e9couvrez Paramount+, la plateforme de streaming qui vous offre un acc\u00e8s illimit\u00e9 \u00e0 un monde de divertissement ! Avec Paramount+, profitez d\u2019une vaste collection de films, s\u00e9ries, documentaires, et programmes exclusifs, ainsi que des \u00e9v\u00e9nements en direct et du sport.<\/p>\n<p>Cette offre inclut deux options d\u2019abonnement pour s\u2019adapter \u00e0 vos besoins :<\/p>\n<p>1.<b>Abonnement Compte Partag\u00e9<\/b> : Acc\u00e9dez au contenu de Paramount+ \u00e0 un tarif r\u00e9duit en partageant le compte avec d\u2019autres utilisateurs. Id\u00e9al pour ceux qui souhaitent profiter de la plateforme \u00e0 moindre co\u00fbt tout en ayant acc\u00e8s \u00e0 toutes les fonctionnalit\u00e9s principales.<\/p>\n<p>2.<b>Abonnement Compte Exclusif<\/b> : Profitez d\u2019un acc\u00e8s personnel et exclusif \u00e0 Paramount+, sans partage avec d\u2019autres utilisateurs. Cette option vous garantit une exp\u00e9rience de streaming priv\u00e9e, sans interf\u00e9rence, avec un acc\u00e8s complet et en priorit\u00e9.<\/p>\n<p><b>Caract\u00e9ristiques principales :<\/b><b><\/b><\/p>\n<p>\u2022Acc\u00e8s \u00e0 une large biblioth\u00e8que de films et s\u00e9ries populaires.<\/p>\n<p>\u2022Programmes exclusifs et originaux produits par Paramount.<\/p>\n<p>\u2022Diffusion en direct d\u2019\u00e9v\u00e9nements et de sports en direct.<\/p>\n<p>\u2022Contenu \u00e0 la demande, accessible \u00e0 tout moment.<\/p>\n<p>\u2022Interface conviviale et facile \u00e0 utiliser.<\/p>\n<p>\u2022Option multilingue pour une meilleure exp\u00e9rience utilisateur.<\/p>\n<p><b>Remarque<\/b> : Certains contenus peuvent n\u00e9cessiter l\u2019utilisation d\u2019un VPN pour \u00eatre accessibles en dehors des r\u00e9gions autoris\u00e9es.<\/p>","protected":false},"excerpt":{"rendered":"<p>Que vous soyez amateur de films d\u2019action, de s\u00e9ries dramatiques ou de com\u00e9dies, Paramount+ a tout ce qu\u2019il vous faut pour vous divertir. Abonnez-vous d\u00e8s aujourd\u2019hui pour profiter de vos programmes pr\u00e9f\u00e9r\u00e9s en toute simplicit\u00e9 et avec une qualit\u00e9 optimale.<\/p>","protected":false},"featured_media":871,"comment_status":"open","ping_status":"closed","template":"","meta":{"_acf_changed":false,"googlesitekit_rrm_CAows_C-DA:productID":""},"product_brand":[],"product_cat":[31,32],"product_tag":[],"class_list":{"0":"post-864","1":"product","2":"type-product","3":"status-publish","4":"has-post-thumbnail","6":"product_cat-entertaintment","7":"product_cat-streaming-platform","9":"first","10":"instock","11":"sold-individually","12":"shipping-taxable","13":"purchasable","14":"product-type-variable"},"acf":[],"aioseo_notices":[],"_links":{"self":[{"href":"https:\/\/shop.tdspam.com\/pt\/wp-json\/wp\/v2\/product\/864","targetHints":{"allow":["GET"]}}],"collection":[{"href":"https:\/\/shop.tdspam.com\/pt\/wp-json\/wp\/v2\/product"}],"about":[{"href":"https:\/\/shop.tdspam.com\/pt\/wp-json\/wp\/v2\/types\/product"}],"replies":[{"embeddable":true,"href":"https:\/\/shop.tdspam.com\/pt\/wp-json\/wp\/v2\/comments?post=864"}],"wp:featuredmedia":[{"embeddable":true,"href":"https:\/\/shop.tdspam.com\/pt\/wp-json\/wp\/v2\/media\/871"}],"wp:attachment":[{"href":"https:\/\/shop.tdspam.com\/pt\/wp-json\/wp\/v2\/media?parent=864"}],"wp:term":[{"taxonomy":"product_brand","embeddable":true,"href":"https:\/\/shop.tdspam.com\/pt\/wp-json\/wp\/v2\/product_brand?post=864"},{"taxonomy":"product_cat","embeddable":true,"href":"https:\/\/shop.tdspam.com\/pt\/wp-json\/wp\/v2\/product_cat?post=864"},{"taxonomy":"product_tag","embeddable":true,"href":"https:\/\/shop.tdspam.com\/pt\/wp-json\/wp\/v2\/product_tag?post=864"}],"curies":[{"name":"wp","href":"https:\/\/api.w.org\/{rel}","templated":true}]}}