{"id":873,"date":"2024-11-09T20:23:57","date_gmt":"2024-11-09T20:23:57","guid":{"rendered":"https:\/\/shop.tdspam.com\/?post_type=product&#038;p=873"},"modified":"2024-11-09T20:30:40","modified_gmt":"2024-11-09T20:30:40","slug":"disney","status":"publish","type":"product","link":"https:\/\/shop.tdspam.com\/pt\/product\/disney\/","title":{"rendered":"Disney+"},"content":{"rendered":"<p>Plongez dans l\u2019univers magique de Disney+ ! Avec Disney+, profitez d\u2019une biblioth\u00e8que immense de films, s\u00e9ries, documentaires, et contenus exclusifs issus des franchises embl\u00e9matiques de Disney, Pixar, Marvel, Star Wars, National Geographic, et bien plus encore. Un monde de divertissement pour toute la famille !<\/p>\n<p>Cette offre inclut deux options d\u2019abonnement pour r\u00e9pondre \u00e0 vos besoins :<\/p>\n<p>1.<b>Abonnement Compte Partag\u00e9<\/b> : B\u00e9n\u00e9ficiez d\u2019un acc\u00e8s \u00e0 Disney+ \u00e0 un tarif r\u00e9duit en partageant le compte avec d\u2019autres utilisateurs. Parfait pour ceux qui souhaitent profiter de tout l\u2019univers Disney+ \u00e0 un prix avantageux, tout en conservant les fonctionnalit\u00e9s essentielles.<\/p>\n<p>2.<b>Abonnement Compte Exclusif<\/b> : Acc\u00e9dez \u00e0 Disney+ en exclusivit\u00e9, sans partager avec d\u2019autres utilisateurs. Cette option garantit une exp\u00e9rience de streaming priv\u00e9e, avec un acc\u00e8s complet et prioritaire \u00e0 l\u2019ensemble des contenus disponibles.<\/p>\n<p><b>Caract\u00e9ristiques principales :<\/b><b><\/b><\/p>\n<p>\u2022Acc\u00e8s aux films, s\u00e9ries, et documentaires de Disney, Pixar, Marvel, Star Wars, et National Geographic.<\/p>\n<p>\u2022Programmes exclusifs et contenus originaux produits par Disney+.<\/p>\n<p>\u2022Visionnage en haute d\u00e9finition et compatibilit\u00e9 avec plusieurs appareils.<\/p>\n<p>\u2022Interface intuitive et facile \u00e0 utiliser.<\/p>\n<p>\u2022Option multilingue pour un visionnage adapt\u00e9 \u00e0 toute la famille.<\/p>\n<p><b>Remarque<\/b> : Pour acc\u00e9der \u00e0 certains contenus en dehors des zones g\u00e9ographiques autoris\u00e9es, l\u2019utilisation d\u2019un VPN peut \u00eatre n\u00e9cessaire.<\/p>","protected":false},"excerpt":{"rendered":"<p>Que vous soyez fan des classiques Disney, des films d\u2019animation Pixar, des super-h\u00e9ros Marvel, ou des aventures galactiques de Star Wars, Disney+ a tout pour vous captiver. Abonnez-vous d\u00e8s aujourd\u2019hui et retrouvez vos personnages pr\u00e9f\u00e9r\u00e9s \u00e0 port\u00e9e de clic !<\/p>","protected":false},"featured_media":880,"comment_status":"open","ping_status":"closed","template":"","meta":{"_acf_changed":false,"googlesitekit_rrm_CAows_C-DA:productID":""},"product_brand":[],"product_cat":[31,32],"product_tag":[],"class_list":{"0":"post-873","1":"product","2":"type-product","3":"status-publish","4":"has-post-thumbnail","6":"product_cat-entertaintment","7":"product_cat-streaming-platform","9":"first","10":"instock","11":"sale","12":"sold-individually","13":"shipping-taxable","14":"purchasable","15":"product-type-variable"},"acf":[],"aioseo_notices":[],"_links":{"self":[{"href":"https:\/\/shop.tdspam.com\/pt\/wp-json\/wp\/v2\/product\/873","targetHints":{"allow":["GET"]}}],"collection":[{"href":"https:\/\/shop.tdspam.com\/pt\/wp-json\/wp\/v2\/product"}],"about":[{"href":"https:\/\/shop.tdspam.com\/pt\/wp-json\/wp\/v2\/types\/product"}],"replies":[{"embeddable":true,"href":"https:\/\/shop.tdspam.com\/pt\/wp-json\/wp\/v2\/comments?post=873"}],"wp:featuredmedia":[{"embeddable":true,"href":"https:\/\/shop.tdspam.com\/pt\/wp-json\/wp\/v2\/media\/880"}],"wp:attachment":[{"href":"https:\/\/shop.tdspam.com\/pt\/wp-json\/wp\/v2\/media?parent=873"}],"wp:term":[{"taxonomy":"product_brand","embeddable":true,"href":"https:\/\/shop.tdspam.com\/pt\/wp-json\/wp\/v2\/product_brand?post=873"},{"taxonomy":"product_cat","embeddable":true,"href":"https:\/\/shop.tdspam.com\/pt\/wp-json\/wp\/v2\/product_cat?post=873"},{"taxonomy":"product_tag","embeddable":true,"href":"https:\/\/shop.tdspam.com\/pt\/wp-json\/wp\/v2\/product_tag?post=873"}],"curies":[{"name":"wp","href":"https:\/\/api.w.org\/{rel}","templated":true}]}}